{"id":42,"date":"2024-09-24T18:37:11","date_gmt":"2024-09-24T16:37:11","guid":{"rendered":"https:\/\/www.posthello.it\/farmacia\/?post_type=product&#038;p=42"},"modified":"2024-09-24T18:37:11","modified_gmt":"2024-09-24T16:37:11","slug":"flexosamine","status":"publish","type":"product","link":"https:\/\/www.posthello.it\/farmacia\/product\/flexosamine\/","title":{"rendered":"Flexosamine"},"content":{"rendered":"<table>\n<tbody>\n<tr>\n<td>Sito web<\/td>\n<td>Flexosamine.it<\/td>\n<\/tr>\n<tr>\n<td>Azione<\/td>\n<td>\u2714 Allevia la sindrome del dolore;<br \/>\n\u2714 Promuove la rigenerazione della cartilagine;<br \/>\n\u2714 Allevia efficacemente l&#8217;ipertonicit\u00e0 muscolare;<br \/>\n\u2714 Combatte il gonfiore.<\/td>\n<\/tr>\n<tr>\n<td>Componenti<\/td>\n<td>La composizione del farmaco comprende condroitina e collagene.<\/td>\n<\/tr>\n<tr>\n<td>Istruzioni per l&#8217;uso<\/td>\n<td>Applicare il gel sulle articolazioni doloranti con movimenti massaggianti. La procedura viene eseguita due volte al giorno, al mattino e alla sera. Il gel viene assorbito bene.<\/td>\n<\/tr>\n<tr>\n<td>Volume<\/td>\n<td>75 ml<\/td>\n<\/tr>\n<tr>\n<td>Prezzo<\/td>\n<td>\ud83d\uded1 39 \u20ac<\/td>\n<\/tr>\n<tr>\n<td>Consegna<\/td>\n<td>circa 3-4 giorni<\/td>\n<\/tr>\n<\/tbody>\n<\/table>\n<h2><b>Gel Flexosamine per le articolazioni: ti riporter\u00e0 ad una vita piena in pochi minuti!<\/b><\/h2>\n<p><img loading=\"lazy\" decoding=\"async\" class=\"aligncenter size-full wp-image-32\" src=\"http:\/\/www.posthello.it\/farmacia\/wp-content\/uploads\/2024\/09\/Flexosamine-1.jpg\" alt=\"Flexosamine in farmacia prezzo\" width=\"500\" height=\"322\" srcset=\"https:\/\/www.posthello.it\/farmacia\/wp-content\/uploads\/2024\/09\/Flexosamine-1.jpg 500w, https:\/\/www.posthello.it\/farmacia\/wp-content\/uploads\/2024\/09\/Flexosamine-1-300x193.jpg 300w\" sizes=\"(max-width: 500px) 100vw, 500px\" \/><\/p>\n<p>Flexosamine \u00e8 disponibile sul mercato come integratore naturale destinato alle articolazioni e ai legamenti delle mani e dei piedi. Pu\u00f2 essere assunto anche quotidianamente in aggiunta a trattamenti specifici per l&#8217;artrosi e l&#8217;artrite.<\/p>\n<p>Sempre pi\u00f9 persone scelgono di fare affidamento su prodotti dannosi e privi di sostanze chimiche come questo per mantenere la salute e la mobilit\u00e0 delle articolazioni come parte di uno stile di vita sano, una dieta sana e un&#8217;attivit\u00e0 fisica.<\/p>\n<p>Come dovremmo percepire il nuovo a cosa serve Flexosamine e come funziona? Chi pu\u00f2 sceglierne la formula e quali sono le motivazioni? Scopri di pi\u00f9 in questa guida!<\/p>\n<h2><b>Cosa significa artrite?<\/b><\/h2>\n<p>\u00c8 un malinteso ritenere che l\u2019artrite colpisca solo le persone anziane. Queste malattie si verificano in qualsiasi fascia di et\u00e0. L&#8217;artrite \u00e8 una malattia caratterizzata dall&#8217;infiammazione delle articolazioni e colpisce sia i bambini che gli adulti. La manifestazione tipica dell&#8217;artrite \u00e8 il dolore e la rigidit\u00e0 delle articolazioni, che limitano i movimenti e talvolta questi sintomi sono resistenti al trattamento. Spesso \u00e8 possibile ottenere un effetto terapeutico con l\u2019aiuto dell\u2019esercizio fisico, dei farmaci e dei cambiamenti dello stile di vita. A circa 46 milioni di adulti \u00e8 stata diagnosticata una qualche forma di artrite e questo numero tende ad aumentare. Ma l&#8217;artrite non \u00e8 apparsa oggi e disturba le persone da centinaia di anni (lo indicano i tipici cambiamenti nelle strutture ossee scoperte durante gli scavi). \u00c8 solo che negli ultimi 100 anni c&#8217;\u00e8 stato un forte aumento nella diagnosi di malattie del sistema muscolo-scheletrico e del sistema immunitario. Gli scienziati hanno identificato almeno 100 tipi di artrite e, a quanto pare, molte condizioni accompagnate da febbre e malfunzionamento del sistema immunitario sono in qualche modo legate alle articolazioni.<\/p>\n<p>L&#8217;artrite \u00e8 caratterizzata da dolore, rigidit\u00e0 e gonfiore delle articolazioni, nonch\u00e9 da una diminuzione della loro gamma di movimento. Esistono varie forme di artrite, incl. secondari (gotta, LES, fibromialgia). L\u2019artrite pu\u00f2 essere divisa in tre gruppi:<\/p>\n<ol>\n<li aria-level=\"1\"><b>Osteoartrite.<\/b> Chiamata anche malattia degenerativa delle articolazioni, \u00e8 la forma di artrite pi\u00f9 comunemente diagnosticata. L&#8217;artrosi si verifica quando inizia il processo di disintegrazione del tessuto cartilagineo nelle articolazioni. Questa forma di artrite colpisce pi\u00f9 spesso le articolazioni dell\u2019anca, del ginocchio, della caviglia e della spalla. Si sviluppa pi\u00f9 spesso dopo i 40 anni.<\/li>\n<li aria-level=\"1\"><b>Artrite reumatoide. <\/b>Questo tipo di artrite si verifica quando le superfici che rivestono un\u2019articolazione vengono danneggiate, causando dolore e infiammazione. Le piccole articolazioni (piedi, dita) sono pi\u00f9 spesso colpite. L\u2019artrite reumatoide \u00e8 una malattia autoimmune che si sviluppa tipicamente nelle donne di et\u00e0 compresa tra 30 e 50 anni.<\/li>\n<li aria-level=\"1\"><b>Artrite giovanile.<\/b> Questo gruppo comprende tutte le artriti che si sviluppano prima dei 18 anni. Non \u00e8 chiaro cosa causi lo sviluppo dell&#8217;artrite in giovane et\u00e0, ma la JA si verifica pi\u00f9 spesso nelle ragazze che nei ragazzi. L\u2019artrite giovanile pu\u00f2 coinvolgere varie articolazioni (caviglia, ginocchio, anca, spalla, polso). Esistono molti tipi di artrite giovanile, ma l\u2019artrite reumatoide giovanile \u00e8 la pi\u00f9 comune.<\/li>\n<\/ol>\n<h2><b>Che tipo di droga \u00e8 questa Flexosamine?<\/b><\/h2>\n<p><img loading=\"lazy\" decoding=\"async\" class=\"aligncenter size-full wp-image-33\" src=\"http:\/\/www.posthello.it\/farmacia\/wp-content\/uploads\/2024\/09\/Flexosamine-2.jpg\" alt=\"Flexosamine prezzo farmacia simile\" width=\"445\" height=\"518\" srcset=\"https:\/\/www.posthello.it\/farmacia\/wp-content\/uploads\/2024\/09\/Flexosamine-2.jpg 445w, https:\/\/www.posthello.it\/farmacia\/wp-content\/uploads\/2024\/09\/Flexosamine-2-258x300.jpg 258w\" sizes=\"(max-width: 445px) 100vw, 445px\" \/><\/p>\n<p>New Flexosamine \u00e8 sul mercato come integratore naturale per articolazioni e legamenti per aiutare uomini e donne a ridurre il dolore. Potete contare su di esso ogni giorno come complemento al trattamento farmacologico nella lotta contro l&#8217;artrosi e l&#8217;artrite, i dolori e i gonfiori articolari, una dieta sana e l&#8217;attivit\u00e0 fisica.<\/p>\n<p>Questa formula artificiale e priva di sostanze chimiche concentra sostanze derivate da specie presenti in natura che possono favorire l&#8217;assorbimento di nutrienti essenziali per il benessere di articolazioni, muscoli e legamenti, mantenendo la flessibilit\u00e0 per il movimento e la produzione fisiologica. collagene da parte del corpo.<\/p>\n<p>La confezione acquistata contiene 50 ml di gel per uso esterno in dose adeguata per tutta la giornata, che pu\u00f2 essere conservato a temperatura ambiente sia in casa che in viaggio.<\/p>\n<h2><b>Benefici del gel per le articolazioni Flexosamine<\/b><\/h2>\n<p>L&#8217;integratore naturale Flexosamine pu\u00f2 essere acquistato senza prescrizione medica. Non deve essere considerato un farmaco farmacologico o miracoloso, bens\u00ec una fonte quotidiana di sostegno pensata per il benessere di articolazioni e legamenti, integrando qualsiasi cura e stile di vita sano.<\/p>\n<p>Un consumo corretto e costante di Flexosamine risultati reali pu\u00f2 portare a risultati e benefici diversi a seconda delle diverse condizioni personali. La sua formula va sempre inserita nella routine quotidiana di abitudini improntate ad uno stile di vita sano. Questo integratore pu\u00f2 supportare:<\/p>\n<ul>\n<li aria-level=\"1\">articolazioni e legamenti;<\/li>\n<li aria-level=\"1\">muscoli e struttura ossea;<\/li>\n<li aria-level=\"1\">cartilagine;<\/li>\n<li aria-level=\"1\">mobilit\u00e0;<\/li>\n<li aria-level=\"1\">assorbimento dei nutrienti essenziali.<\/li>\n<\/ul>\n<h2><b>Flexosamine &#8211; qual \u00e8 la composizione e la formula del gel?<\/b><\/h2>\n<p><img loading=\"lazy\" decoding=\"async\" class=\"aligncenter size-full wp-image-34\" src=\"http:\/\/www.posthello.it\/farmacia\/wp-content\/uploads\/2024\/09\/Flexosamine-3.jpg\" alt=\"Flexosamine prezzo\" width=\"500\" height=\"177\" srcset=\"https:\/\/www.posthello.it\/farmacia\/wp-content\/uploads\/2024\/09\/Flexosamine-3.jpg 500w, https:\/\/www.posthello.it\/farmacia\/wp-content\/uploads\/2024\/09\/Flexosamine-3-300x106.jpg 300w\" sizes=\"(max-width: 500px) 100vw, 500px\" \/><\/p>\n<p>Il gel Flexosamine in farmacia prezzo contiene una composizione interna naturale che \u00e8 pi\u00f9 facile da digerire e tollerare dall&#8217;organismo.<\/p>\n<p><b>La condroitina<\/b> \u00e8 conosciuta anche come glicosaminoglicano e pu\u00f2 essere assunta anche come coadiuvante nel trattamento dell&#8217;osteoporosi, dell&#8217;artrosi e artrite, dolori articolari e gonfiore, ed \u00e8 prodotto anche dal corpo stesso.<\/p>\n<p><b>Il collagene <\/b>si trova nel tessuto connettivo ed \u00e8 paragonato a un tipo di colla responsabile di tenere insieme la struttura delle ossa e dei muscoli. Pu\u00f2 aiutare a mantenere una buona salute in termini di funzionalit\u00e0 articolare, muscolare, ossea, legamentosa e cartilaginea, nonch\u00e9 dei processi digestivi e intestinali.<\/p>\n<h2><b>\u00c8 di buona qualit\u00e0 Flexosamine &#8211; ci sono controindicazioni o effetti collaterali?<\/b><\/h2>\n<p>Gel walmart Flexosamine non provoca effetti collaterali o effetti collaterali. La formula di questo prodotto non contiene sostanze nocive o tossiche.<\/p>\n<p>Flexosamine \u00e8 controindicato in alcuni casi che coinvolgono donne incinte e allergie a sostanze interne. Se hai altri dubbi, consulta il tuo medico.<\/p>\n<h2><b>Schema di corretta applicazione del gel Flexosamine alle articolazioni i come si applica<\/b><\/h2>\n<p><img loading=\"lazy\" decoding=\"async\" class=\"aligncenter size-full wp-image-35\" src=\"http:\/\/www.posthello.it\/farmacia\/wp-content\/uploads\/2024\/09\/Flexosamine-4.jpg\" alt=\"Flexosamine dove vendono\" width=\"500\" height=\"442\" srcset=\"https:\/\/www.posthello.it\/farmacia\/wp-content\/uploads\/2024\/09\/Flexosamine-4.jpg 500w, https:\/\/www.posthello.it\/farmacia\/wp-content\/uploads\/2024\/09\/Flexosamine-4-300x265.jpg 300w\" sizes=\"(max-width: 500px) 100vw, 500px\" \/><\/p>\n<p>Funziona realmente Flexosamine deve essere applicato sulle articolazioni doloranti come usare il descritto nel foglietto illustrativo o nelle informazioni sul lato della confezione commerciale.<\/p>\n<p>\u00c8 possibile superare la dose consigliata? No, per non alterare nessuna delle propriet\u00e0 interne della formula dell&#8217;integratore alimentare, \u00e8 meglio non superare la dose giornaliera.<\/p>\n<h2><b>Opinioni di consumatori soddisfatti di gel Flexosamine<\/b><\/h2>\n<blockquote><p><b>Kevin<\/b><\/p>\n<p>Flexosamine dove lo posso prendere \u00e8 un integratore naturale che mi aiuta davvero a mantenere una buona salute e la mobilit\u00e0 articolare. L&#8217;ho incorporato nella mia sana routine quotidiana, sotto la guida di un medico e con un regolare esercizio fisico, e lo consiglio a tutti.<\/p><\/blockquote>\n<p>&nbsp;<\/p>\n<blockquote><p><b>Cristoforo<\/b><\/p>\n<p>Il nuovissimo integratore Flexosamine prezzo farmacia simile \u00e8 quello che cercavo da molto tempo. La sua formula, assunta come complemento anche al trattamento farmacologico, si \u00e8 rivelata un valido supporto per il regolare e buon funzionamento delle articolazioni e dei muscoli.<\/p><\/blockquote>\n<p>&nbsp;<\/p>\n<blockquote><p><b>Saulo<\/b><\/p>\n<p>Recentemente ho acquistato prezzo Flexosamine e lo sto assumendo come parte di una dieta sana e di uno stile di vita attivo, consiglio medico per sostenere e mantenere al meglio il benessere delle mie articolazioni, legamenti e muscoli.<\/p><\/blockquote>\n<h2><b>Prezzo minimo per Flexosamine e dove vendono il gel?<\/b><\/h2>\n<p><img loading=\"lazy\" decoding=\"async\" class=\"aligncenter size-full wp-image-36\" src=\"http:\/\/www.posthello.it\/farmacia\/wp-content\/uploads\/2024\/09\/Flexosamine-5.jpg\" alt=\"Flexosamine a cosa serve\" width=\"500\" height=\"385\" srcset=\"https:\/\/www.posthello.it\/farmacia\/wp-content\/uploads\/2024\/09\/Flexosamine-5.jpg 500w, https:\/\/www.posthello.it\/farmacia\/wp-content\/uploads\/2024\/09\/Flexosamine-5-300x231.jpg 300w\" sizes=\"(max-width: 500px) 100vw, 500px\" \/><\/p>\n<p>L\u2019integratore naturale dove vendono Flexosamine pu\u00f2 essere acquistato solo sul sito ufficiale del produttore dove comprare. L\u00ec potrai trovare informazioni pi\u00f9 dettagliate, accedere al modulo d&#8217;ordine e ottenere uno sconto del 50%.<\/p>\n<p>Il supplemento non \u00e8 disponibile per la vendita nelle farmacie o nei negozi online. Non puoi acquistarlo sui siti commerciali<\/p>\n","protected":false},"excerpt":{"rendered":"<p>Flexosamine \u00e8 un integratore naturale pensato per supportare la salute di articolazioni, legamenti e muscoli, migliorando la mobilit\u00e0 e favorendo l&#8217;assorbimento dei nutrienti essenziali. Grazie alla sua formula priva di sostanze chimiche, \u00e8 ideale da integrare in uno stile di vita sano per il benessere quotidiano delle articolazioni.<\/p>\n","protected":false},"featured_media":31,"comment_status":"open","ping_status":"closed","template":"","meta":[],"product_cat":[15],"product_tag":[],"_links":{"self":[{"href":"https:\/\/www.posthello.it\/farmacia\/wp-json\/wp\/v2\/product\/42"}],"collection":[{"href":"https:\/\/www.posthello.it\/farmacia\/wp-json\/wp\/v2\/product"}],"about":[{"href":"https:\/\/www.posthello.it\/farmacia\/wp-json\/wp\/v2\/types\/product"}],"replies":[{"embeddable":true,"href":"https:\/\/www.posthello.it\/farmacia\/wp-json\/wp\/v2\/comments?post=42"}],"wp:featuredmedia":[{"embeddable":true,"href":"https:\/\/www.posthello.it\/farmacia\/wp-json\/wp\/v2\/media\/31"}],"wp:attachment":[{"href":"https:\/\/www.posthello.it\/farmacia\/wp-json\/wp\/v2\/media?parent=42"}],"wp:term":[{"taxonomy":"product_cat","embeddable":true,"href":"https:\/\/www.posthello.it\/farmacia\/wp-json\/wp\/v2\/product_cat?post=42"},{"taxonomy":"product_tag","embeddable":true,"href":"https:\/\/www.posthello.it\/farmacia\/wp-json\/wp\/v2\/product_tag?post=42"}],"curies":[{"name":"wp","href":"https:\/\/api.w.org\/{rel}","templated":true}]}}