{"id":41,"date":"2024-09-24T18:35:11","date_gmt":"2024-09-24T16:35:11","guid":{"rendered":"https:\/\/www.posthello.it\/farmacia\/?post_type=product&#038;p=41"},"modified":"2024-09-24T18:35:11","modified_gmt":"2024-09-24T16:35:11","slug":"diaformrx","status":"publish","type":"product","link":"https:\/\/www.posthello.it\/farmacia\/product\/diaformrx\/","title":{"rendered":"DiaformRX"},"content":{"rendered":"<table>\n<tbody>\n<tr>\n<td>Sito web<\/td>\n<td>DiaformRX.it<\/td>\n<\/tr>\n<tr>\n<td>Azione<\/td>\n<td>\u2714 Previene le fluttuazioni dei livelli di zucchero e aiuta a migliorare il benessere durante il giorno;<br \/>\n\u2714 Converte il glucosio in energia, proteggendo gli organi interni e i vasi sanguigni dai danni.<\/td>\n<\/tr>\n<tr>\n<td>Componenti<\/td>\n<td>\u2714 Estratto di Gymnema;<br \/>\n\u2714 Estratto di ginepro;<br \/>\n\u2714 Estratto di fico d&#8217;india.<\/td>\n<\/tr>\n<tr>\n<td>Istruzioni per l&#8217;uso<\/td>\n<td>\u2714 Assumere 1 capsula 2 volte al giorno durante il pasto principale.<br \/>\n\u2714 Rimani idratato e riduci l&#8217;assunzione giornaliera di zuccheri.<br \/>\n\u2714 Ripeti la procedura ogni giorno per un mese!<\/td>\n<\/tr>\n<tr>\n<td>Volume<\/td>\n<td>30 capsule<\/td>\n<\/tr>\n<tr>\n<td>Prezzo<\/td>\n<td>\ud83d\uded1 39 \u20ac<\/td>\n<\/tr>\n<tr>\n<td>Consegna<\/td>\n<td>Circa una settimana<\/td>\n<\/tr>\n<\/tbody>\n<\/table>\n<h2><b>DiaformRX \u2013 per un migliore equilibrio dello zucchero nel sangue?<\/b><\/h2>\n<p><img loading=\"lazy\" decoding=\"async\" class=\"aligncenter size-full wp-image-26\" src=\"http:\/\/www.posthello.it\/farmacia\/wp-content\/uploads\/2024\/09\/Diaformrx-1.jpg\" alt=\"Diaformrx \u00c8 di buona qualit\u00e0\" width=\"500\" height=\"322\" srcset=\"https:\/\/www.posthello.it\/farmacia\/wp-content\/uploads\/2024\/09\/Diaformrx-1.jpg 500w, https:\/\/www.posthello.it\/farmacia\/wp-content\/uploads\/2024\/09\/Diaformrx-1-300x193.jpg 300w\" sizes=\"(max-width: 500px) 100vw, 500px\" \/><\/p>\n<p>DiaformRX &#8211; biocapsule per il trattamento del diabete e la regolazione dei livelli di zucchero nel sangue, che appariranno sul mercato. Il produttore omonimo definisce il loro effetto \u201ctriplo\u201d e \u201csicuro\u201d. DiaformRX promuove una conversione pi\u00f9 rapida del glucosio in energia. Ma calma anche l&#8217;appetito e si prende cura del normale funzionamento di stomaco, occhi, reni e cuore. Ha tutti i certificati di qualit\u00e0 necessari. Consigliato dai maggiori esperti nel campo della nutrizione e dell&#8217;immunologia. La sua composizione biologica \u00e8 completamente sicura. La formula pu\u00f2 essere tranquillamente assunta da persone con diabete e intolleranza al glutine.<\/p>\n<p>Gli acquirenti forniscono anche ottimi feedback sugli effetti delle a cosa serve capsule DiaformRX nelle loro recensioni e nei commenti sui forum. Non ci sono lamentele su effetti collaterali, allergie o altre forme di controindicazioni. Secondo la maggior parte degli utenti che hanno lasciato recensioni su DiaformRX, li ha aiutati a sottoporsi a una completa disintossicazione dallo zucchero. Il bilanciatore dello zucchero nel sangue ha una composizione completamente naturale. Contiene estratti dei frutti del cactus Opuntia, meglio conosciuto come \u201cfico d&#8217;india\u201d, ginepro e Gymnema sylvestra.<\/p>\n<p>Come acquistare biocapsule per un migliore controllo della glicemia DiaformRX a buon prezzo? Il sito web ufficiale offre sconti regolari e sconti promozionali? Ci sono molti falsi truffatori sui portali di trading online? Quante volte al giorno dovresti bere DiaformRX? Ci sono effetti collaterali?<\/p>\n<p>Troverai le risposte alle tue domande nella recensione dettagliata delle capsule Normal Blood Sugar DiaformRX di seguito!<\/p>\n<h2><b>Gymnema Sylvestra &#8211; utilizzata nell&#8217;Ayurveda per bilanciare i livelli di zucchero nel sangue!<\/b><\/h2>\n<p>La Gymnema o Gymnema sylvestre \u00e8 una pianta ampiamente utilizzata nell&#8217;Ayurveda per la sua capacit\u00e0 di aiutare i diabetici. Essenzialmente, \u00e8 una vite legnosa perenne il cui habitat naturale sono le foreste tropicali. Ha colori gialli piccoli ma brillanti che lo rendono facile da riconoscere. Fiorisce tutto l&#8217;anno.<\/p>\n<p>Gymnema sylvestra &#8211; &#8220;gurmar&#8221;. Tradotto letteralmente, questo termine significa \u201cdistruttore di zucchero\u201d. Si chiama cos\u00ec perch\u00e9 le foglie della pianta contengono acidi ginemici. Pensateli come i principali elementi bioattivi che sopprimono il gusto dello zucchero interagendo con le papille gustative della lingua. Possono usarlo tranquillamente senza timore di sviluppare effetti collaterali.<\/p>\n<p>Quali sono i 5 principali benefici per la salute della Gymnema sylvestra per i diabetici, secondo la scienza? Scopri cosa dicono gli esperti sanitari a riguardo:<\/p>\n<ol>\n<li aria-level=\"1\">Calma i golosi, permettendoti di includere cibi pi\u00f9 sani nel tuo menu settimanale.<\/li>\n<li aria-level=\"1\">Letteralmente \u201cuccide\u201d la capacit\u00e0 dei recettori della lingua di riconoscere il gusto specifico dello zucchero.<\/li>\n<li aria-level=\"1\">Aiuta a bilanciare i livelli di zucchero nel sangue.<\/li>\n<li aria-level=\"1\">Questo ti aiuta a rimanere in buona forma.<\/li>\n<li aria-level=\"1\">Energizza e tonifica.<\/li>\n<\/ol>\n<h2><b>Cos&#8217;\u00e8 DiaformRX e come funziona?<\/b><\/h2>\n<p><img loading=\"lazy\" decoding=\"async\" class=\"aligncenter size-full wp-image-27\" src=\"http:\/\/www.posthello.it\/farmacia\/wp-content\/uploads\/2024\/09\/Diaformrx-2.jpg\" alt=\"Diaformrx opinioni\" width=\"500\" height=\"496\" srcset=\"https:\/\/www.posthello.it\/farmacia\/wp-content\/uploads\/2024\/09\/Diaformrx-2.jpg 500w, https:\/\/www.posthello.it\/farmacia\/wp-content\/uploads\/2024\/09\/Diaformrx-2-300x298.jpg 300w, https:\/\/www.posthello.it\/farmacia\/wp-content\/uploads\/2024\/09\/Diaformrx-2-150x150.jpg 150w, https:\/\/www.posthello.it\/farmacia\/wp-content\/uploads\/2024\/09\/Diaformrx-2-100x100.jpg 100w\" sizes=\"(max-width: 500px) 100vw, 500px\" \/><\/p>\n<p>DiaformRX \u00e8 un integratore alimentare e una cura naturale per il diabete. Il prodotto pu\u00f2 essere utilizzato anche a scopo profilattico se esiste una tendenza o predisposizione genetica a questa malattia.<\/p>\n<p>Un forte calo dei livelli di zucchero nel sangue \u00e8 dannoso per tutti gli organi interni. Forti fluttuazioni dei livelli di glucosio possono causare gravi danni ai reni, ai vasi sanguigni, agli occhi e al cuore. Per evitare ci\u00f2, i livelli di zucchero dovrebbero essere controllati e ridotti gradualmente e nel modo pi\u00f9 naturale possibile.<\/p>\n<p>Secondo gli esperti, per il diabete di tipo 2 si consiglia di utilizzare solo preparati erboristici naturali che non presentano controindicazioni n\u00e9 effetti collaterali. E questo \u00e8 esattamente il caso di DiaformRX. Con questa preparazione il livello di zucchero pu\u00f2 essere ridotto gradualmente e gradualmente.<\/p>\n<p>Con livelli adeguati di zucchero e insulina nel sangue, noterai una diminuzione della fame e della sete. E il tuo benessere e la tua salute miglioreranno gradualmente ma costantemente.<\/p>\n<h2><b>Cosa pu\u00f2 fare il farmaco DiaformRX?<\/b><\/h2>\n<p>I pareri del team che ha creato la formula DiaformRX sono unanimi; se utilizzato con costanza e correttamente questo prodotto pu\u00f2 aiutare:<\/p>\n<ol>\n<li aria-level=\"1\">Previene le fluttuazioni dei livelli di zucchero e aiuta a migliorare il benessere durante il giorno;<\/li>\n<li aria-level=\"1\">Converte il glucosio in energia, proteggendo gli organi interni e i vasi sanguigni dai danni;<\/li>\n<li aria-level=\"1\">Ripristina il metabolismo e riduce il peso, aiutando ad eliminare la causa principale del diabete.<\/li>\n<\/ol>\n<h2><b>Perch\u00e9 vale la pena provare DiaformRX nella lotta contro il diabete?<\/b><\/h2>\n<p><img loading=\"lazy\" decoding=\"async\" class=\"aligncenter size-full wp-image-28\" src=\"http:\/\/www.posthello.it\/farmacia\/wp-content\/uploads\/2024\/09\/Diaformrx-3.jpg\" alt=\"Diaformrx Funziona realmente\" width=\"500\" height=\"342\" srcset=\"https:\/\/www.posthello.it\/farmacia\/wp-content\/uploads\/2024\/09\/Diaformrx-3.jpg 500w, https:\/\/www.posthello.it\/farmacia\/wp-content\/uploads\/2024\/09\/Diaformrx-3-300x205.jpg 300w\" sizes=\"(max-width: 500px) 100vw, 500px\" \/><\/p>\n<p>Motivi per scegliere questo bilanciatore di zucchero nel sangue rispetto ad un&#8217;altra alternativa:<\/p>\n<ol>\n<li aria-level=\"1\">Bio-formula per migliorare l&#8217;equilibrio dello zucchero nel sangue;<\/li>\n<li aria-level=\"1\">Sopprime naturalmente l&#8217;appetito e il desiderio di dolci;<\/li>\n<li aria-level=\"1\">Donano tono ed energia;<\/li>\n<li aria-level=\"1\">Nessun reclamo circa reazioni indesiderate alla composizione DiaformRX nelle recensioni dei clienti, nei commenti e nelle recensioni sui forum;<\/li>\n<li aria-level=\"1\">Disponibile ad un buon prezzo sul sito ufficiale del produttore.<\/li>\n<\/ol>\n<h2><b>Esistono contraffazioni di capsule DiaformRX?<\/b><\/h2>\n<p>Sfortunatamente, la popolarit\u00e0 del prodotto per i diabetici ha spinto gli intraprendenti operatori di marketing a creare contraffazioni molto simili all\u2019originale. Questo tipo di frode DiaformRX risultati reali si trova sia nelle farmacie che su Internet. Il problema \u00e8 che il prodotto non \u00e8 un medicinale e la legge \u00e8 molto pi\u00f9 indulgente nei confronti degli imitatori. Sfortunatamente, ci sono sempre pi\u00f9 recensioni e opinioni di persone che si lamentano di frodi DiaformRX. Solo pi\u00f9 tardi loro Controllano le informazioni su Internet e si rendono conto di aver acquistato un prodotto contraffatto. Questo \u00e8 anche il motivo per cui il produttore ha iniziato a distribuire il prodotto originale solo direttamente, senza rivenditori.<\/p>\n<h2><b>Come prendere DiaformRX per il diabete come si applica?<\/b><\/h2>\n<p>Il produttore ha incluso nella confezione un manuale utente dettagliato con le istruzioni per l&#8217;uso DiaformRX. Sono facili da seguire e il prodotto \u00e8 approvato da esperti di nutrizione. L&#8217;uso quotidiano delle capsule per migliorare il tono corporeo come usare il DiaformRX \u00e8 completamente sicuro. Le persone con diabete di tipo 2 e allergie alimentari esistenti possono berle senza problemi.<\/p>\n<p>Come bere le capsuleDiaformRX:<\/p>\n<ol>\n<li aria-level=\"1\">Assumere 1 capsula 2 volte al giorno &#8211; mattina e sera &#8211; durante il pasto principale.<\/li>\n<li aria-level=\"1\">Mantieniti idratato e riduci l&#8217;apporto giornaliero di zuccheri e carboidrati esercitandoti regolarmente.<\/li>\n<li aria-level=\"1\">Ripeti la procedura ogni giorno per un intero mese solare!<\/li>\n<\/ol>\n<h2><b>Controindicazioni ed effetti collaterali<\/b><\/h2>\n<p>Non sono noti effetti collaterali, reazioni allergiche o altre controindicazioni per DiaformRX capsule. Ci\u00f2 \u00e8 dovuto alla formula naturale del prodotto, che consente di bilanciare meglio i livelli di glucosio nel sangue. Il certificato di qualit\u00e0 del prodotto non indica che siano stati riscontrati reclami durante gli studi clinici. \u00c8 di buona qualit\u00e0 la formula DiaformRX \u00e8 naturale e sicura. Tuttavia, a causa dell\u2019equilibrio ormonale instabile, le capsule non sono consigliate ai bambini.<\/p>\n<h2><b>Quali componenti sono inclusi in DiaformRX?<\/b><\/h2>\n<p><img loading=\"lazy\" decoding=\"async\" class=\"aligncenter size-full wp-image-29\" src=\"http:\/\/www.posthello.it\/farmacia\/wp-content\/uploads\/2024\/09\/Diaformrx-4.jpg\" alt=\"Diaformrx dove lo posso prendere\" width=\"500\" height=\"334\" srcset=\"https:\/\/www.posthello.it\/farmacia\/wp-content\/uploads\/2024\/09\/Diaformrx-4.jpg 500w, https:\/\/www.posthello.it\/farmacia\/wp-content\/uploads\/2024\/09\/Diaformrx-4-300x200.jpg 300w\" sizes=\"(max-width: 500px) 100vw, 500px\" \/><\/p>\n<p>Uno dei motivi che rende le capsule DiaformRX cos\u00ec popolari \u00e8 la loro biocomposizione. Il prodotto contiene estratti vegetali completamente naturali che accelerano il metabolismo. Calmano attivamente l&#8217;appetito per i dolci, donando energia e forza. I composti presenti nella formula promuovono un migliore equilibrio degli zuccheri nel sangue e forniscono l&#8217;energia e la resistenza necessarie nella vita di tutti i giorni.<\/p>\n<p>Gli ingredienti principali della formula per migliorare il tono corporeo e livelli di glucosio nel sangue pi\u00f9 equilibrati a DiaformRX sono:<\/p>\n<ol>\n<li aria-level=\"1\"><b>Estratto di Gymnema Sylvestre:<\/b> migliora l&#8217;assorbimento del glucosio da parte delle cellule dell&#8217;organismo. Riduce la voglia di dolci, armonizza i livelli di lipidi nel sangue e protegge dalle malattie cardiovascolari.<\/li>\n<li aria-level=\"1\"><b>Estratto di ginepro (henn\u00e9, Juniperus Communis): <\/b>accelera la guarigione delle ferite aperte e potenzia le difese naturali dell&#8217;organismo. Il ginepro aiuta a bilanciare meglio i livelli di zucchero nel sangue e accelera i processi diuretici nel corpo.<\/li>\n<li aria-level=\"1\"><b>Estratto di fico d&#8217;india (fico d&#8217;india, fico d&#8217;india):<\/b> riduce la produzione di cellule adipose nel corpo ed \u00e8 vitale per la sintesi dell&#8217;insulina. Bilancia i livelli di zucchero nel sangue e di colesterolo.<\/li>\n<\/ol>\n<h2><b>Quali recensioni si possono trovare sui forum riguardo DiaformRX?<\/b><\/h2>\n<p>Funziona realmente DiaformRX &#8211; biocapsule per bilanciare lo zucchero nel sangue, che godono di valutazioni e recensioni elevate nelle recensioni e nei commenti dei clienti. I forum online frequentati dai diabetici sono pieni di recensioni positive. Migliaia sono coloro ai quali il prodotto ha contribuito a ottenere il controllo della glicemia. E dimagrisci anche! Sicuro, naturale e approvato dagli esperti, questo prodotto frena l&#8217;appetito e la voglia di dolci. Allo stesso tempo dona energia e tono.<\/p>\n<p>Il produttore \u00e8 pi\u00f9 che soddisfatto di questo successo tra gli utenti. Le capsule DiaformRX sono adatte alle persone che soffrono di diabete e intolleranza al glutine, affermano gli esperti che hanno rilasciato loro un certificato di qualit\u00e0. Allo stesso tempo, senza provocare spiacevoli effetti collaterali, allergie o controindicazioni. Pertanto non sorprende che le recensioni e i commenti dei clienti diano valutazioni cos\u00ec elevate di DiaformRX.<\/p>\n<p>Perch\u00e9 gli utenti nelle loro recensioni, commenti e recensioni sui forum preferiscono valutare le capsule DiaformRX?<\/p>\n<h2><b>Il parere dell&#8217;endocrinologo<\/b><\/h2>\n<blockquote><p><b>Guerau Garcia<\/b> &#8211; medico con 16 anni di esperienza<\/p>\n<p>A differenza di altre pillole per il diabete, DiaformRX ha un effetto terapeutico pi\u00f9 ampio sul corpo, ha un effetto positivo sul funzionamento degli organi interni, pulisce il sangue e i vasi sanguigni e stabilizza la produzione di insulina. Se segui regolarmente un ciclo di questo farmaco, puoi tornare al tuo stile di vita normale e familiare.<\/p><\/blockquote>\n<h2><b>Alcune opinioni su DiaformRX<\/b><\/h2>\n<blockquote><p><b>Isacco<\/b><\/p>\n<p>Ho il diabete ereditario. Nella mia giovinezza, l&#8217;unica cosa che mi aiutava a sentirmi normale era mettermi a dieta, ma ora \u00e8 gi\u00e0 difficile senza pillole. Quindi ho fatto una scelta a favore di DiaformRX dove lo posso prendere e per una buona ragione. Mi sento benissimo.<\/p><\/blockquote>\n<p>&nbsp;<\/p>\n<blockquote><p><b>Arianna<\/b><\/p>\n<p>Ho ordinato DiaformRX per mia nonna, dove comprare soffre di diabete da molto tempo. Mi \u00e8 piaciuta la composizione, nessuna sostanza sintetica, tutto \u00e8 completamente naturale. Un effetto positivo \u00e8 stato notato dopo 3 settimane. La mia pressione sanguigna ha smesso di aumentare, la mia vista \u00e8 migliorata, le gambe hanno smesso di farmi male. La secchezza delle fauci \u00e8 scomparsa.<\/p><\/blockquote>\n<h2><b>Prezzo DiaformRX &#8211; dove vendono?<\/b><\/h2>\n<p><img loading=\"lazy\" decoding=\"async\" class=\"aligncenter size-full wp-image-30\" src=\"http:\/\/www.posthello.it\/farmacia\/wp-content\/uploads\/2024\/09\/Diaformrx-5.jpg\" alt=\"Diaformrx dove comprare\" width=\"500\" height=\"390\" srcset=\"https:\/\/www.posthello.it\/farmacia\/wp-content\/uploads\/2024\/09\/Diaformrx-5.jpg 500w, https:\/\/www.posthello.it\/farmacia\/wp-content\/uploads\/2024\/09\/Diaformrx-5-300x234.jpg 300w\" sizes=\"(max-width: 500px) 100vw, 500px\" \/><\/p>\n<p>DiaformRX pu\u00f2 essere acquistato a buon prezzo farmacia simile sul sito ufficiale. Il produttore sostiene che i portali di e-commerce offrono contraffazioni del prodotto originale. Si tratta di truffe costose che non hanno nulla a che fare con la formula originale del prodotto. L&#8217;azienda preferisce perseguire una politica di distribuzione uniforme in qualsiasi paese del mondo.<\/p>\n<p>Ecco perch\u00e9 DiaformRX non \u00e8 disponibile nelle farmacie. Gli acquirenti devono sapere che possono dove vendono le capsule DiaformRX con uno sconto rispetto al prezzo reale tramite il sito ufficiale. Dovrebbero visitare il sito web ufficiale del rispettivo paese. Senso rimane lo stesso in tutto il mondo e viene tradotto solo in base alle valute locali. Il pagamento viene effettuato in contrassegno.<\/p>\n<p>Le biocapsule per migliorare l&#8217;equilibrio del glucosio nel sangue walmart DiaformRX vengono ordinate a buon prezzo secondo la procedura standard dei biocosmetici. Se hai bisogno di maggiori informazioni, leggi il nostro articolo dettagliato sulle modalit\u00e0 di ordinazione e consegna!<\/p>\n<h2><b>DiaformRX nelle farmacie?<\/b><\/h2>\n<p>Le capsule per un migliore controllo della glicemia DiaformRX in farmacia prezzo sono pi\u00f9 di un medicinale e non sono disponibili in farmacia. Sono un modo completamente naturale per raggiungere l&#8217;equilibrio interno ed esterno. Puoi acquistarlo ad un buon prezzo solo attraverso il sito ufficiale.<\/p>\n<h3>Come acquistare capsule DiaformRX a buon prezzo? Segui questi 3 passaggi!<\/h3>\n<ol>\n<li aria-level=\"1\">Inserisci il tuo nome e un numero di telefono valido nel modulo online sul sito ufficiale.<\/li>\n<li aria-level=\"1\">Ricevi una chiamata da un dipendente della societ\u00e0 di distribuzione e fornisci i dettagli di consegna<\/li>\n<li aria-level=\"1\">Acquista DiaformRX, paga in contrassegno e bilancia subito i tuoi livelli di glucosio nel sangue!<\/li>\n<\/ol>\n<h2><b>Meno zucchero nel menu = corpo pi\u00f9 sano!<\/b><\/h2>\n<p>I dolci sono una tentazione diventata per molti una passione culinaria. Ma poche persone sospettano che lo zucchero sia un killer silenzioso per la salute. Se vuoi mantenerlo, inizia subito a bilanciare i livelli di glucosio nel sangue!<\/p>\n<p>Tra i prodotti preferiti per migliorare l&#8217;equilibrio dello zucchero nel sangue ci sono le biocapsule DiaformRX. Ricevono recensioni eccellenti nelle recensioni dei clienti e nei commenti sui forum. Sono inoltre approvati da esperti di nutrizione. La loro composizione naturale li rende un&#8217;ottima alternativa ai farmaci e alle pillole costosi. Sono sicuri da assumere per i diabetici, le persone intolleranti al glutine e i vegani.<\/p>\n","protected":false},"excerpt":{"rendered":"<p>DiaformRX \u00e8 un integratore naturale sotto forma di biocapsule, studiato per regolare i livelli di zucchero nel sangue e promuovere il benessere generale dei diabetici. Grazie alla sua formula sicura e biologica, supporta il corretto funzionamento di stomaco, reni, occhi e cuore, contribuendo a una gestione equilibrata del glucosio.<\/p>\n","protected":false},"featured_media":25,"comment_status":"open","ping_status":"closed","template":"","meta":[],"product_cat":[15],"product_tag":[],"_links":{"self":[{"href":"https:\/\/www.posthello.it\/farmacia\/wp-json\/wp\/v2\/product\/41"}],"collection":[{"href":"https:\/\/www.posthello.it\/farmacia\/wp-json\/wp\/v2\/product"}],"about":[{"href":"https:\/\/www.posthello.it\/farmacia\/wp-json\/wp\/v2\/types\/product"}],"replies":[{"embeddable":true,"href":"https:\/\/www.posthello.it\/farmacia\/wp-json\/wp\/v2\/comments?post=41"}],"wp:featuredmedia":[{"embeddable":true,"href":"https:\/\/www.posthello.it\/farmacia\/wp-json\/wp\/v2\/media\/25"}],"wp:attachment":[{"href":"https:\/\/www.posthello.it\/farmacia\/wp-json\/wp\/v2\/media?parent=41"}],"wp:term":[{"taxonomy":"product_cat","embeddable":true,"href":"https:\/\/www.posthello.it\/farmacia\/wp-json\/wp\/v2\/product_cat?post=41"},{"taxonomy":"product_tag","embeddable":true,"href":"https:\/\/www.posthello.it\/farmacia\/wp-json\/wp\/v2\/product_tag?post=41"}],"curies":[{"name":"wp","href":"https:\/\/api.w.org\/{rel}","templated":true}]}}