{"id":37,"date":"2024-09-24T18:29:36","date_gmt":"2024-09-24T16:29:36","guid":{"rendered":"https:\/\/www.posthello.it\/farmacia\/?post_type=product&#038;p=37"},"modified":"2024-11-26T20:14:11","modified_gmt":"2024-11-26T19:14:11","slug":"motion-energy","status":"publish","type":"product","link":"https:\/\/www.posthello.it\/farmacia\/product\/motion-energy\/","title":{"rendered":"Motion Energy"},"content":{"rendered":"<table>\n<tbody>\n<tr>\n<td>Sito web<\/td>\n<td>MotionEnergy.it<\/td>\n<\/tr>\n<tr>\n<td>Azione<\/td>\n<td>\u2714 Fornisce il ripristino della cartilagine nei punti in cui sono state consumate;<br \/>\n\u2714 Aiuta a garantire una guarigione completa a lungo termine;<br \/>\n\u2714 Prenditi cura dei tuoi muscoli, ossa e articolazioni.<\/td>\n<\/tr>\n<tr>\n<td>Componenti<\/td>\n<td>Un team di esperti ha lavorato per anni per creare la formula perfetta che lo rende uno dei migliori prodotti oggi sul mercato. Da secoli vengono utilizzate solo sostanze naturali e piante dalle propriet\u00e0 benefiche, che hanno propriet\u00e0 antinfiammatorie e lenitive.<\/td>\n<\/tr>\n<tr>\n<td>Istruzioni per l&#8217;uso<\/td>\n<td>Al mattino e alla sera, prelevare una piccola quantit\u00e0 di lozione con la punta delle dita, scaldarla tra i palmi e poi iniziare a massaggiare la zona con movimenti circolari in modo che il prodotto penetri pi\u00f9 in profondit\u00e0 e agisca direttamente sulle fibre della pelle.<\/td>\n<\/tr>\n<tr>\n<td>Volume<\/td>\n<td>50 ml<\/td>\n<\/tr>\n<tr>\n<td>Prezzo<\/td>\n<td>\ud83d\uded1 39 \u20ac<\/td>\n<\/tr>\n<tr>\n<td>Consegna<\/td>\n<td>5 giorni<\/td>\n<\/tr>\n<\/tbody>\n<\/table>\n<h2><b>Gel Motion Energy: elimina rapidamente il dolore e cura l&#8217;osteocondrosi!<\/b><\/h2>\n<p><img loading=\"lazy\" decoding=\"async\" class=\"aligncenter size-full wp-image-15\" src=\"http:\/\/www.posthello.it\/farmacia\/wp-content\/uploads\/2024\/09\/Motion-Energy-1.jpg\" alt=\"Motion Energy dove comprare\" width=\"500\" height=\"347\" srcset=\"https:\/\/www.posthello.it\/farmacia\/wp-content\/uploads\/2024\/09\/Motion-Energy-1.jpg 500w, https:\/\/www.posthello.it\/farmacia\/wp-content\/uploads\/2024\/09\/Motion-Energy-1-300x208.jpg 300w\" sizes=\"(max-width: 500px) 100vw, 500px\" \/><\/p>\n<p>Se il mal di schiena ti trattiene e hai gi\u00e0 provato tanti rimedi, Motion Energy \u00e8 la soluzione perfetta per te.<\/p>\n<p>Molti di noi conducono uno stile di vita sedentario alla scrivania, trascorrendo gran parte della giornata con una postura scorretta, che mette sotto stress la parte bassa della schiena e il collo.<\/p>\n<p>Iniziando il trattamento a cosa serve Motion Energy, puoi dire addio alla scarsa mobilit\u00e0 e tornare all&#8217;attivit\u00e0 fisica regolare per un corpo flessibile e privo di rigidit\u00e0.<\/p>\n<p>Se compaiono zone di gonfiore e arrossamento, verranno trattate con ingredienti ben tollerati anche dalle pelli pi\u00f9 sensibili e da chi soffre di allergie frequenti, poich\u00e9 agiscono in profondit\u00e0 senza irritare la pelle n\u00e9 provocare effetti collaterali.<\/p>\n<h2><b>Quali sono i tipi di dolore articolare? Dolore articolare dovuto all&#8217;artrosi.<\/b><\/h2>\n<p>La causa dell&#8217;artrosi sono i cambiamenti degenerativi delle articolazioni, molto spesso dovuti all&#8217;invecchiamento del corpo. Con l\u2019avanzare dell\u2019et\u00e0, la densit\u00e0 ossea diminuisce. La cartilagine e i legamenti diventano meno elastici, le superfici articolari diventano ruvide e scivolano peggio durante i movimenti; le capsule articolari sono deformate. A causa della mobilit\u00e0 insufficiente, la circolazione sanguigna nei vasi che riforniscono le articolazioni si deteriora e ci\u00f2 aggrava i disturbi metabolici. La funzionalit\u00e0 compromessa di un&#8217;articolazione porta alla ridistribuzione del carico e ad una maggiore usura delle articolazioni vicine.<\/p>\n<p>Quasi il 70% degli anziani di et\u00e0 superiore ai 65 anni lamenta dolori articolari. Le donne hanno maggiori probabilit\u00e0 di soffrire di artrosi, soprattutto dopo la menopausa. Dopo 80 anni, nella stragrande maggioranza dei pazienti si sviluppano alterazioni degenerative delle articolazioni.<\/p>\n<p>L&#8217;artrosi si sviluppa lentamente, gradualmente. Il processo patologico coinvolge solitamente una o pi\u00f9 articolazioni. Molto spesso si tratta di articolazioni di grandi dimensioni che sopportano carichi assiali (caviglia, ginocchio, anca) o carichi associati ad attivit\u00e0 professionali. Il dolore articolare non appare immediatamente, ma quando la distruzione \u00e8 gi\u00e0 diventata pronunciata e irreversibile. All&#8217;inizio, il dolore doloroso appare solo dopo un&#8217;intensa attivit\u00e0 fisica e scompare con il riposo. Dopo un lungo riposo sorge una sensazione di rigidit\u00e0: \u00e8 difficile muoversi per 15-20 minuti, quindi l&#8217;articolazione \u201csi sviluppa\u201d. La patologia progredisce e col tempo la sindrome del dolore diventa pronunciata e diventa permanente e dolorosa. Anche i movimenti minori portano ad un forte aumento del dolore.<\/p>\n<h2><b>Cos&#8217;\u00e8 il gel Motion Energy e come funziona?<\/b><\/h2>\n<p><img loading=\"lazy\" decoding=\"async\" class=\"aligncenter size-full wp-image-16\" src=\"http:\/\/www.posthello.it\/farmacia\/wp-content\/uploads\/2024\/09\/Motion-Energy-2.jpg\" alt=\"Motion Energy in farmacia prezzo\" width=\"500\" height=\"341\" srcset=\"https:\/\/www.posthello.it\/farmacia\/wp-content\/uploads\/2024\/09\/Motion-Energy-2.jpg 500w, https:\/\/www.posthello.it\/farmacia\/wp-content\/uploads\/2024\/09\/Motion-Energy-2-300x205.jpg 300w\" sizes=\"(max-width: 500px) 100vw, 500px\" \/><\/p>\n<p>Motion Energy aiuta a ridurre i dolori muscolari e articolari. Grazie a questo gel sentirai immediatamente che le tensioni scompaiono e la mobilit\u00e0 articolare migliora notevolmente. \u00c8 un gel dalla texture leggera e non grassa che si assorbe in pochi secondi se massaggiato in modo circolare, permettendo agli ingredienti naturali di agire pi\u00f9 in profondit\u00e0. Quando il dolore diventa molto intenso e interferisce con le normali attivit\u00e0 quotidiane, pu\u00f2 essere alleviato applicando una piccola dose del farmaco pi\u00f9 volte al giorno.<\/p>\n<p>Motion Energy \u00e8 un gel a base di ingredienti completamente naturali che viene applicato direttamente sulla pelle e fornisce una serie di benefici che iniziano ad apparire entro poche ore.<\/p>\n<p>La maggior parte degli esperti concorda nel ritenere che questo sia uno dei migliori trattamenti articolari attualmente sul mercato. \u00c8 il numero 1 per rapporto qualit\u00e0 prezzo, dalla texture leggera e profumata che non unge i tessuti e pu\u00f2 essere utilizzato in ogni momento della giornata, anche fuori casa.<\/p>\n<p>Fino ad esaurimento scorte, puoi acquistare Motion Energy risultati reali con uno sconto significativo del 50% combattendo i sintomi della sciatica, dell&#8217;artrite e dell&#8217;infiammazione muscolare.<\/p>\n<h2><b>Quali sono i vantaggi di Motion Energy?<\/b><\/h2>\n<p>Motion Energy \u00e8 un prodotto che ha fatto notizia ultimamente, con esperti e consumatori che concordano sui suoi vantaggi:<\/p>\n<p>Il primo vantaggio \u00e8 che si tratta di un gel dalla texture leggera e vellutata. Convenientemente distribuito sulla zona infiammata e assorbito in pochi secondi. Inoltre, allevia il dolore e ripristina anche la cartilagine nelle aree usurate. Grazie a ci\u00f2, migliora la condizione delle articolazioni e delle articolazioni e previene l&#8217;invecchiamento generale del corpo.<\/p>\n<p>Il secondo aspetto molto apprezzato di Motion Energy \u00e8 la sua formula naturale. Non contiene sostanze chimiche, quindi \u00e8 tollerato anche dalle persone allergiche ai nuovi ingredienti.<\/p>\n<p>\u00c8 di buona qualit\u00e0 l&#8217;odore \u00e8 Motion Energy gradevole e non lascia segni sui vestiti. Grazie a questo pu\u00f2 essere utilizzato anche in ambito lavorativo, ad esempio in caso di dolori improvvisi.<\/p>\n<p>Aiuta anche ad alleviare il pi\u00f9 possibile l&#8217;ipertono muscolare, facilitando l&#8217;eliminazione dei crampi e del dolore che impediscono di muovere gli arti superiori e inferiori.<\/p>\n<h2><b>Formula in gel Motion Energy<\/b><\/h2>\n<p><img loading=\"lazy\" decoding=\"async\" class=\"aligncenter size-full wp-image-17\" src=\"http:\/\/www.posthello.it\/farmacia\/wp-content\/uploads\/2024\/09\/Motion-Energy-3.jpg\" alt=\"Motion Energy prezzo farmacia simile\" width=\"500\" height=\"469\" srcset=\"https:\/\/www.posthello.it\/farmacia\/wp-content\/uploads\/2024\/09\/Motion-Energy-3.jpg 500w, https:\/\/www.posthello.it\/farmacia\/wp-content\/uploads\/2024\/09\/Motion-Energy-3-300x281.jpg 300w\" sizes=\"(max-width: 500px) 100vw, 500px\" \/><\/p>\n<p>Un team di esperti ha lavorato per anni per creare la formula perfetta, grazie alla quale Motion Energy \u00e8 attualmente uno dei migliori prodotti sul mercato. Da secoli vengono utilizzate solo sostanze naturali e piante dalle propriet\u00e0 benefiche, antinfiammatorie e lenitive.<\/p>\n<ol>\n<li aria-level=\"1\"><b>Aloe <\/b>\u2013 utilizzato per ridurre gli effetti delle lesioni.<\/li>\n<li aria-level=\"1\"><b>Il t\u00e8 verde <\/b>\u00e8 progettato per lenire le aree bloccate a causa di una cattiva postura.<\/li>\n<li aria-level=\"1\"><b>Collagene:<\/b> il compito dell&#8217;ingrediente \u00e8 garantire il ripristino della cartilagine nei punti in cui \u00e8 stata usurata. Ci\u00f2 fornisce un sollievo immediato dal dolore. Ci\u00f2 aiuta anche a garantire una guarigione completa a lungo termine.<\/li>\n<li aria-level=\"1\"><b>L&#8217;ortica<\/b> si prende cura dei tuoi muscoli, ossa e articolazioni. Tratta i sintomi visibili ma agisce anche per farli riapparire nei giorni e nei mesi successivi.<\/li>\n<\/ol>\n<p>Affidati alle cure naturali Motion Energy e tornerai rapidamente in perfetta forma.<\/p>\n<h2><b>Quali effetti collaterali possono verificarsi?<\/b><\/h2>\n<p>Finora non sono stati segnalati effetti collaterali con l\u2019uso del gel Motion Energy. Ci\u00f2 \u00e8 dimostrato dalle recensioni dei clienti sul sito web, che \u00e8 l&#8217;unico canale di vendita.<\/p>\n<p>Non \u00e8 consigliabile utilizzare il gel se si \u00e8 allergici a uno qualsiasi degli ingredienti.<\/p>\n<h2><b>Istruzioni per applicare il gel Motion Energy sulle articolazioni doloranti i come si applica<\/b><\/h2>\n<p><img loading=\"lazy\" decoding=\"async\" class=\"aligncenter size-full wp-image-18\" src=\"http:\/\/www.posthello.it\/farmacia\/wp-content\/uploads\/2024\/09\/Motion-Energy-4.jpg\" alt=\"Motion Energy prezzo\" width=\"500\" height=\"372\" srcset=\"https:\/\/www.posthello.it\/farmacia\/wp-content\/uploads\/2024\/09\/Motion-Energy-4.jpg 500w, https:\/\/www.posthello.it\/farmacia\/wp-content\/uploads\/2024\/09\/Motion-Energy-4-300x223.jpg 300w\" sizes=\"(max-width: 500px) 100vw, 500px\" \/><\/p>\n<p>Uno degli aspetti pi\u00f9 apprezzati dai clienti come usare il Motion Energy \u00e8 la facilit\u00e0 d&#8217;uso. Si tratta di un gel che si applica in pochi secondi e dona subito un effetto positivo.<\/p>\n<p>Mattina e sera, prelevare una piccola quantit\u00e0 di lozione con la punta delle dita, scaldarla tra i palmi delle mani, quindi iniziare a massaggiare la zona con movimenti circolari per permettere al prodotto di penetrare pi\u00f9 in profondit\u00e0 e lavorare direttamente sulle fibre. Pertanto, rimuove il gonfiore, l&#8217;infiammazione e la congestione che si formano quando si \u00e8 eccessivamente sedentari o si fa troppo esercizio fisico.<\/p>\n<p>Il consiglio \u00e8 di ripetere il trattamento per un periodo di tempo pi\u00f9 lungo, anche per diverse settimane, per evitare la comparsa tardiva dei sintomi sopra menzionati.<\/p>\n<p>Motion Energy per una buona altroconsumo soluzione non solo per l&#8217;osteocondrosi, ma anche per eventuali infortuni che possono svilupparsi nel tempo, come incidenti durante l&#8217;allenamento in palestra o incidenti dai quali non si riesce a riprendersi completamente.<\/p>\n<h2><b>Quali opinioni hanno lasciato i clienti riguardo Motion Energy sui forum?<\/b><\/h2>\n<p>Funziona realmente Il portale web Motion Energy riceve quotidianamente numerose recensioni, tutte estremamente positive su come funziona e come utilizzarlo.<\/p>\n<p>Il feedback delle persone che hanno gi\u00e0 avuto l&#8217;opportunit\u00e0 di testare Motion Energy \u00e8 positivo. Riportano tutti i benefici di un prodotto naturale ma altamente efficace per tutti i tipi di dolori articolari, muscolari e ossei.<\/p>\n<p>Oltre agli aspetti sopra menzionati, al servizio clienti \u00e8 riservato un certificato d&#8217;onore. Ogni giorno risponder\u00e0 sicuramente a tutte le domande e aiuter\u00e0 nella scelta di un prodotto, conoscendone perfettamente le caratteristiche.<\/p>\n<p>L&#8217;operatore ti risponder\u00e0 con gentilezza e professionalit\u00e0 e ti guider\u00e0 nelle fasi pre e post vendita. Completer\u00e0 l&#8217;acquisto da te e consentir\u00e0 al pacco di raggiungere la posizione specificata.<\/p>\n<p>Non ci sono recensioni negative sull&#8217;acquisto del gel Motion Energy sul portale Internet. Tutti i clienti hanno sperimentato la risoluzione o la risoluzione dei sintomi entro pochi giorni. Affermano di essere riusciti a tornare a una vita normale e attiva senza restrizioni sulla mobilit\u00e0.<\/p>\n<blockquote><p><b>Teresa<\/b><\/p>\n<p>I medici gli diagnosticarono un&#8217;osteocondrosi cervicale. Soffriva di vertigini costanti, la sua vista peggiorava e il suo udito diminuiva. Dopo aver usato il gel Motion Energy, dove lo posso prendere ho sentito subito un notevole miglioramento, il collo ha cominciato a farmi meno male, gli scricchiolii sono scomparsi e non ho avuto mal di testa. Se prima non potevo stare un giorno senza antidolorifici, ora li uso a malapena.<\/p><\/blockquote>\n<p>&nbsp;<\/p>\n<blockquote><p><b>Mizraim<\/b><\/p>\n<p>Questo \u00e8 davvero un prodotto unico! Chiunque soffra di osteocondrosi sa quanto sia doloroso. Soffriva di osteocondrosi toracica con forti dolori alla colonna vertebrale, era difficile inspirare ed espirare e quando si chinava avvertiva dolore nella zona del cuore. Grazie al gel dove comprare Motion Energy puoi diventare una persona completamente sana in un mese. Questo \u00e8 il miglior prodotto che abbia mai acquistato.<\/p><\/blockquote>\n<h2><b>Qual \u00e8 il prezzo di Motion Energy e dove vendono il farmaco originale?<\/b><\/h2>\n<p><img loading=\"lazy\" decoding=\"async\" class=\"aligncenter size-full wp-image-19\" src=\"http:\/\/www.posthello.it\/farmacia\/wp-content\/uploads\/2024\/09\/Motion-Energy-5.jpg\" alt=\"Motion Energy dove vendono\" width=\"500\" height=\"347\" srcset=\"https:\/\/www.posthello.it\/farmacia\/wp-content\/uploads\/2024\/09\/Motion-Energy-5.jpg 500w, https:\/\/www.posthello.it\/farmacia\/wp-content\/uploads\/2024\/09\/Motion-Energy-5-300x208.jpg 300w\" sizes=\"(max-width: 500px) 100vw, 500px\" \/><\/p>\n<p>Dopo aver elencato tutti i vantaggi di dove vendono Motion Energy arriviamo a uno degli aspetti pi\u00f9 positivi: in farmacia prezzo. Solo fino a quando il prodotto sar\u00e0 disponibile in magazzino potrai ottenere uno sconto del 50% dal prezzo farmacia simile di listino. Le spese di spedizione sono gratuite, garantendo un ulteriore risparmio oltre a quelli gi\u00e0 menzionati. Per essere ancora pi\u00f9 conveniente per i clienti, il produttore Motion Energy ha deciso di effettuare il pagamento in contrassegno.<\/p>\n<p>Approfitta dello sconto e sbarazzati dei dolori articolari, ritornando cos\u00ec a una vita piena e attiva. Essendo un prodotto del tutto esclusivo, non \u00e8 possibile acquistare walmart Motion Energy in un normale negozio al dettaglio, ma solo sul sito, unico canale di vendita. Quindi non lo comprerai da siti commerciali.<\/p>\n<h2><b>Qual \u00e8 la procedura di acquisto?<\/b><\/h2>\n<p>Una volta che sarai sicuro che questa sia la soluzione per te, potrai compilare il modulo in fondo alla sezione principale. Ti verr\u00e0 chiesto di fornire i tuoi dati personali e un numero di telefono al quale potrai essere contattato per completare l&#8217;acquisto e autorizzare la spedizione del pacco alla destinazione selezionata.<\/p>\n<p>Risparmia tempo e denaro, acquista un trattamento efficace senza effetti collaterali. Paga met\u00e0 prezzo e ricevilo a casa tua entro poche ore per sbloccare le articolazioni doloranti, ridurre il gonfiore e aiutare a riparare la cartilagine usurata.<\/p>\n","protected":false},"excerpt":{"rendered":"<p>Motion Energy \u00e8 un gel naturale studiato per alleviare i dolori muscolari e articolari, migliorando la mobilit\u00e0 e riducendo le tensioni. Grazie alla sua formula leggera e non grassa, si assorbe rapidamente, offrendo un sollievo efficace e duraturo senza irritare la pelle.<\/p>\n","protected":false},"featured_media":14,"comment_status":"open","ping_status":"closed","template":"","meta":[],"product_cat":[15],"product_tag":[],"_links":{"self":[{"href":"https:\/\/www.posthello.it\/farmacia\/wp-json\/wp\/v2\/product\/37"}],"collection":[{"href":"https:\/\/www.posthello.it\/farmacia\/wp-json\/wp\/v2\/product"}],"about":[{"href":"https:\/\/www.posthello.it\/farmacia\/wp-json\/wp\/v2\/types\/product"}],"replies":[{"embeddable":true,"href":"https:\/\/www.posthello.it\/farmacia\/wp-json\/wp\/v2\/comments?post=37"}],"wp:featuredmedia":[{"embeddable":true,"href":"https:\/\/www.posthello.it\/farmacia\/wp-json\/wp\/v2\/media\/14"}],"wp:attachment":[{"href":"https:\/\/www.posthello.it\/farmacia\/wp-json\/wp\/v2\/media?parent=37"}],"wp:term":[{"taxonomy":"product_cat","embeddable":true,"href":"https:\/\/www.posthello.it\/farmacia\/wp-json\/wp\/v2\/product_cat?post=37"},{"taxonomy":"product_tag","embeddable":true,"href":"https:\/\/www.posthello.it\/farmacia\/wp-json\/wp\/v2\/product_tag?post=37"}],"curies":[{"name":"wp","href":"https:\/\/api.w.org\/{rel}","templated":true}]}}